{"id":2232,"date":"2024-08-13T14:22:44","date_gmt":"2024-08-13T14:22:44","guid":{"rendered":"https:\/\/www.camping-maureillas.com\/accommodation-splendours-of-china-ceret\/"},"modified":"2024-08-15T09:06:50","modified_gmt":"2024-08-15T09:06:50","slug":"accommodation-splendours-of-china-ceret","status":"publish","type":"page","link":"https:\/\/www.camping-maureillas.com\/en\/accommodation-splendours-of-china-ceret\/","title":{"rendered":"Accommodation Splendours of China &#8211; C\u00e9ret"},"content":{"rendered":"<div class=\"wpb-content-wrapper\"><p>[vc_row full_width=&#8221;stretch_row_content_no_spaces&#8221;][vc_column][layerslider_vc id=&#8221;42&#8243;][\/vc_column][\/vc_row][vc_row row_type=&#8221;section&#8221; type=&#8221;full_width&#8221; css=&#8221;.vc_custom_1723627080475{background-color: #ffffff !important;}&#8221; el_class=&#8221;ombre&#8221;][vc_column][vc_raw_js]JTNDdGhyLXNlYXJjaC1lbmdpbmUlMjB0eXBlJTNEJTIyMiUyMiUzRSUzQyUyRnRoci1zZWFyY2gtZW5naW5lJTNFJTBBJTBBJTNDc2NyaXB0JTNFJTBBJTIwJTIwJTIwJTIwJTI4ZnVuY3Rpb24lMjh0JTJDaCUyQ2UlMkNsJTJDaSUyQ3MlMkNSJTJDRSUyQ1MlMkNBJTI5JTdCJTBBJTIwJTIwJTIwJTIwJTIwJTIwJTIwJTIwdCU1QmklNUQlM0QlN0IlN0QlMkN0JTVCaSU1RCU1QnMlNUQlM0R0JTVCaSU1RCU1QnMlNUQlN0MlN0NmdW5jdGlvbiUyOCUyOSU3QiUwQSUyMCUyMCUyMCUyMCUyMCUyMCUyMCUyMCUyMCUyMCUyMCUyMGlmJTI4MSUzRCUzRCUzRGFyZ3VtZW50cy5sZW5ndGglMjklN0JyZXR1cm4lMjB0JTVCaSU1RC5hJTVCYXJndW1lbnRzJTVCMCU1RCU1RCU3QyU3Q251bGwlN0QlMEElMjAlMjAlMjAlMjAlMjAlMjAlMjAlMjAlMjAlMjAlMjAlMjBlbHNlJTdCdCU1QmklNUQuYSUzRHQlNUJpJTVELmElN0MlN0MlNUIlNUQlM0IlMjB0JTVCaSU1RC5hJTVCYXJndW1lbnRzJTVCMCU1RCU1RCUyMCUzRCUyMGFyZ3VtZW50cyU1QjElNUQlM0IlN0QlMEElMjAlMjAlMjAlMjAlMjAlMjAlMjAlMjAlN0QlMkMlMEElMjAlMjAlMjAlMjAlMjAlMjAlMjAlMjAlMjAlMjAlMjAlMjBSJTNEaC5jcmVhdGVFbGVtZW50JTI4ZSUyOSUyQ0UlM0RoLmdldEVsZW1lbnRzQnlUYWdOYW1lJTI4ZSUyOSU1QjAlNUQlM0IlMEElMjAlMjAlMjAlMjAlMjAlMjAlMjAlMjBSLmFzeW5jJTNEMSUzQlIuc3JjJTNEbCUzQkUucGFyZW50Tm9kZS5pbnNlcnRCZWZvcmUlMjhSJTJDRSUyOSUwQSUyMCUyMCUyMCUyMCU3RCUyOSUyOHdpbmRvdyUyQ2RvY3VtZW50JTJDJTIyc2NyaXB0JTIyJTJDJTIyaHR0cHMlM0ElMkYlMkZ0aGVsaXNyZXNhLndlYmNhbXAuZnIlMkZpbGliJTJGdjQlMkYlM0ZjYXRlZ29yaWVzJTI2ZmF2b3JpdGVzJTI2b25lbmlnaHQlMjZzZWFyY2hlbmdpbmUlMjZzaW1wbGVibG9jayUyMiUyQyUyMnRoZWxpc3Jlc2ElMjIlMkMlMjJpbGliJTIyJTI5JTNCJTBBJTIwJTIwJTIwJTIwdGhlbGlzcmVzYS5pbGliJTI4JTI3Y2FtcGluZyUyNyUyQyUyMCUyN21hdXJlaWxsYXMlMjclMjklM0IlMEElMjAlMjAlMjAlMjB0aGVsaXNyZXNhLmlsaWIlMjglMjdsYW5ndWFnZSUyNyUyQyUyMCUyN2VuJTI3JTI5JTNCJTBBJTNDJTJGc2NyaXB0JTNF[\/vc_raw_js][vc_row_inner][vc_column_inner width=&#8221;1\/2&#8243;][vc_column_text]<\/p>\n<h1 style=\"text-align: center;\"><b>Accommodation 7km from Splendours of China in C\u00e9ret<\/b><b>:<\/b> <b>A Dazzling Lantern Festival<\/b><\/h1>\n<h2 style=\"text-align: center;\"><span style=\"color: #003300;\"><em><span style=\"font-weight: 400;\">The Lantern Festival, on the theme of &#8220;The Splendours of China&#8221;, promises an unforgettable experience for all the family, just 7km from your accommodation at Camping Maureillas** in the heart of Catalan nature, a stone&#8217;s throw from your next stopover in Spain.<\/span><\/em><\/span><\/h2>\n<p><span style=\"font-weight: 400; color: #000000;\">This year, <strong>C\u00e9ret <\/strong>is hosting an exceptional event that will transport visitors to the heart of Chinese culture: <strong>the &#8220;<a href=\"https:\/\/splendeursdechine.fr\/\" target=\"_blank\" rel=\"noopener\">Splendours of China<\/a>&#8221; lantern festival (from 15\/11\/2024 to 16\/02\/2025)<\/strong>. This enchanting event promises a spectacular immersion in Chinese art and tradition, with captivating light installations that transform the night into a fairy-tale tableau of colour. <\/span><\/p>\n<h3><span style=\"color: #003300;\"><b>A luminous journey through Chinese culture<\/b><\/span><\/h3>\n<p><span style=\"font-weight: 400; color: #000000;\">Held on the site of the <strong>Ch\u00e2teau d&#8217;Aubiry in C\u00e9ret<\/strong> (just 7km from your accommodation at Camping Maureillas**), the &#8220;Splendours of China&#8221; lantern festival brings together <strong>thousands of lanterns to celebrate the history and beauty of China<\/strong>. These luminous works of art, designed by talented artists, depict breathtaking landscapes, mythical creatures and scenes from everyday Chinese life. As you stroll through the illuminated grounds of Ch\u00e2teau d&#8217;Aubiry in C\u00e9ret, discover the fascinating facets of Asian culture and come face to face with majestic dragons, impressive pagodas and peaceful Zen gardens. <\/span><\/p>\n<h3><span style=\"color: #003300;\"><b>A dazzling evening for young and old alike<\/b><\/span><\/h3>\n<p><span style=\"font-weight: 400; color: #000000;\">The festival is not just a visual experience, but also an educational one. <strong>Family <\/strong><strong>workshops <\/strong>and <strong>exhibitions <\/strong>are on offer to educate visitors about Chinese traditions, including painting and handicrafts. Live <strong>performances <\/strong>such as lion dancing and acrobats add a dynamic dimension to the event, offering an authentic insight into traditional Chinese celebrations. <\/span>[\/vc_column_text][vc_column_text css=&#8221;.vc_custom_1723558522347{background-color: #bdd6af !important;}&#8221;]<span style=\"color: #003300;\"><strong>Practical information<\/strong><\/span><\/p>\n<p><span style=\"font-weight: 400; color: #000000;\">The Lantern Festival &#8220;Splendours of China&#8221; will take place from <strong>15 November 2024 to 16 February 2025<\/strong>. <strong>We invite you to book your stay at Camping Maureillas** now to guarantee your place<\/strong> and enjoy a unique and luminous experience. Remember, the campsite is open <strong>all year round<\/strong>! <\/span>[\/vc_column_text][\/vc_column_inner][vc_column_inner width=&#8221;1\/2&#8243;][vc_empty_space height=&#8221;20px&#8221;][vc_single_image image=&#8221;2212&#8243; img_size=&#8221;full&#8221; alignment=&#8221;center&#8221; style=&#8221;vc_box_rounded&#8221;][vc_single_image image=&#8221;2203&#8243; img_size=&#8221;full&#8221; alignment=&#8221;center&#8221; style=&#8221;vc_box_rounded&#8221; css=&#8221;.vc_custom_1723557466427{margin-top: -30px !important;}&#8221;][\/vc_column_inner][\/vc_row_inner][vc_empty_space height=&#8221;30px&#8221;][vc_separator color=&#8221;green&#8221; style=&#8221;shadow&#8221;][vc_column_text]<\/p>\n<h2 style=\"text-align: center;\"><span style=\"color: #008000;\">Camping Maureillas**, your accommodation 7km from C\u00e9ret<\/span><\/h2>\n<p style=\"text-align: center;\"><span style=\"color: #003300;\"><strong><em>&#8211; Campsite open all year round &#8211;<\/em><\/strong><\/span><\/p>\n<p style=\"text-align: center;\"><span style=\"font-weight: 400; color: #000000;\">For those who want to extend their experience and make the most of this unique event, Camping Maureillas** offers comfortable, welcoming accommodation.<br \/>\n<strong>Located close to the festival site (7 km)<\/strong>, this campsite is the ideal place to relax after a magical evening under the lanterns.<\/span><\/p>\n<p style=\"text-align: center;\"><span style=\"font-weight: 400; color: #000000;\">Stay in one of our <strong><a href=\"https:\/\/www.camping-maureillas.com\/en\/mobile-homes\/\" target=\"_blank\" rel=\"noopener\">comfortable 2- or 3-bedroom mobile homes<\/a><\/strong> or on one of our <a href=\"https:\/\/www.camping-maureillas.com\/en\/pitches\/\" target=\"_blank\" rel=\"noopener\"><strong>pitches <\/strong><\/a>for <strong>caravans, tents or motorhomes <\/strong>in the heart of the Catalan countryside, just a stone&#8217;s throw from the <strong>Spanish border<\/strong>.<\/span> <span style=\"font-weight: 400; color: #000000;\">In addition to its peaceful setting, the campsite is surrounded by the natural beauty of the Pyr\u00e9n\u00e9es-Orientales, an ideal location for <strong>discovering the region<\/strong> through <a href=\"https:\/\/www.camping-maureillas.com\/en\/hiking-at-maureillas\/\" target=\"_blank\" rel=\"noopener\"><strong>hiking<\/strong> <\/a>and <strong><a href=\"https:\/\/www.camping-maureillas.com\/en\/tourism-leisure\/\" target=\"_blank\" rel=\"noopener\">excursions<\/a><\/strong>.<\/span><\/p>\n<p style=\"text-align: center;\"><strong><em><span style=\"color: #000000;\">Whether for a night or a week, Camping Maureillas** promises a memorable stay in harmony with nature, while being just a stone&#8217;s throw from the &#8220;Splendours of China&#8221;.<\/span><\/em><\/strong><\/p>\n<p>[\/vc_column_text][vc_row_inner][vc_column_inner width=&#8221;1\/3&#8243;][vc_single_image image=&#8221;564&#8243; img_size=&#8221;large&#8221; onclick=&#8221;custom_link&#8221; img_link_target=&#8221;_blank&#8221; link=&#8221;https:\/\/www.camping-maureillas.com\/en\/mobile-homes\/&#8221;][vc_column_text]<\/p>\n<h2 style=\"text-align: center;\"><span style=\"color: #003300;\">Air-conditioned holiday lodges<\/span><\/h2>\n<p style=\"text-align: center;\">2 or 3-bedroom comfort rentals With terraces<\/p>\n<p>[\/vc_column_text][\/vc_column_inner][vc_column_inner width=&#8221;1\/3&#8243;][vc_single_image image=&#8221;565&#8243; img_size=&#8221;large&#8221; onclick=&#8221;custom_link&#8221; img_link_target=&#8221;_blank&#8221; link=&#8221;https:\/\/www.camping-maureillas.com\/en\/pitches\/&#8221;][vc_column_text]<\/p>\n<h2 style=\"text-align: center;\"><span style=\"color: #003300;\">Pitches<\/span><\/h2>\n<p style=\"text-align: center;\">Motorhome &#8211; Caravan &#8211; Tent With or without electricity<\/p>\n<p>[\/vc_column_text][\/vc_column_inner][vc_column_inner width=&#8221;1\/3&#8243;][vc_single_image image=&#8221;563&#8243; img_size=&#8221;large&#8221; onclick=&#8221;custom_link&#8221; img_link_target=&#8221;_blank&#8221; link=&#8221;https:\/\/www.camping-maureillas.com\/en\/motorhome-park\/&#8221;][vc_column_text]<\/p>\n<h2 style=\"text-align: center;\"><span style=\"color: #003300;\">Motorhome area<\/span><\/h2>\n<p style=\"text-align: center;\">Water &#8211; Electricity &#8211; Drain &#8211; Sanitary Open all year round<\/p>\n<p>[\/vc_column_text][\/vc_column_inner][\/vc_row_inner][vc_row_inner][vc_column_inner width=&#8221;1\/2&#8243;][vc_hoverbox image=&#8221;443&#8243; primary_title=&#8221;Au camping&#8221; primary_title_font_container=&#8221;font_size:40|color:%23ffffff&#8221; hover_title=&#8221;Nos services sur place&#8221; use_custom_fonts_primary_title=&#8221;true&#8221;]<\/p>\n<p style=\"text-align: center;\"><em><span style=\"color: #000000;\"><strong>&#8211; Campsite open all year round &#8211;<\/strong><\/span><\/em><\/p>\n<ul>\n<li style=\"text-align: left;\"><span style=\"color: #000000;\">Recent <strong>sanitary facilities<\/strong>, heated in low season<\/span><\/li>\n<li style=\"text-align: left;\"><span style=\"color: #000000;\">7\/7 l<strong>aunderette<\/strong><\/span><\/li>\n<li style=\"text-align: left;\"><span style=\"color: #000000;\">Free <strong>WIFI access<\/strong> near the reception<\/span><\/li>\n<li style=\"text-align: left;\"><span style=\"color: #000000;\">Secure <strong>bike box<\/strong> with code<\/span><\/li>\n<li style=\"text-align: left;\"><span style=\"color: #000000;\"><strong>Water and electricity<\/strong> points<\/span><\/li>\n<\/ul>\n<p>[\/vc_hoverbox][\/vc_column_inner][vc_column_inner width=&#8221;1\/2&#8243;][vc_hoverbox image=&#8221;138&#8243; primary_title=&#8221;Services \u00e0 proximit\u00e9&#8221; primary_title_font_container=&#8221;font_size:40|color:%23ffffff&#8221; hover_title=&#8221;Commodit\u00e9s accessibles \u00e0 pied&#8221; use_custom_fonts_primary_title=&#8221;true&#8221;]<\/p>\n<ul>\n<li style=\"text-align: left;\"><span style=\"color: #000000;\"><strong>Restaurants<\/strong> and caf\u00e9 300m away<\/span><\/li>\n<li style=\"text-align: left;\"><strong><span style=\"color: #000000;\">Bakery<\/span><\/strong><span style=\"color: #000000;\"> at 400m<\/span><\/li>\n<li style=\"text-align: left;\"><span style=\"color: #000000;\">Village <strong>supermarket <\/strong>600m away<\/span><\/li>\n<li style=\"text-align: left;\"><span style=\"color: #000000;\"><strong>Park<\/strong>, <strong>fitness <\/strong>trail and<strong> tennis court<\/strong> 600m away<\/span><\/li>\n<li style=\"text-align: left;\"><span style=\"color: #000000;\"><strong>Equestrian center<\/strong> 800m away<\/span><\/li>\n<li style=\"text-align: left;\"><span style=\"color: #000000;\"><strong>Swimming <\/strong>and water activities at the Saint Jean Pla de Corts lake 9km away<\/span><\/li>\n<li style=\"text-align: left;\"><span style=\"color: #000000;\"><strong>Bus<\/strong> costs 1 euro to visit the region<\/span><\/li>\n<\/ul>\n<p>[\/vc_hoverbox][\/vc_column_inner][vc_column_inner][vc_empty_space height=&#8221;25px&#8221;][\/vc_column_inner][\/vc_row_inner][\/vc_column][\/vc_row][vc_row][vc_column][vc_row_inner][vc_column_inner][vc_separator][vc_empty_space][vc_column_text]<\/p>\n<h2 style=\"text-align: center;\"><a href=\"https:\/\/www.camping-maureillas.com\/contactez-nous\/\"><span style=\"color: #003300;\">A team at your service<\/span><\/a><\/h2>\n<p style=\"text-align: center;\"><span style=\"color: #000000;\">For more <strong>information <\/strong>or to make a <strong>reservation<\/strong>, please contact us<\/span> <span style=\"color: #000000;\">at<\/span> <a href=\"tel:0448070636\"><strong>+33 4.48.07.06.36<\/strong><\/a><br \/>\n<span style=\"color: #000000;\">or by <strong>e-mail<\/strong><\/span> <strong><a href=\"mailto:info@camping-maureillas.com\">info@camping-maureillas.com<\/a><br \/>\n<\/strong><span style=\"color: #000000;\">Keep up to date with campsite news on<\/span> <a style=\"color: #0000ff;\" href=\"https:\/\/www.facebook.com\/maureillas.cmp\" target=\"_blank\" rel=\"noopener\"><span style=\"color: #0000ff;\">Facebook<\/span><\/a><strong><br \/>\n<\/strong><\/p>\n<p>[\/vc_column_text][vc_column_text][\/vc_column_text][\/vc_column_inner][\/vc_row_inner][\/vc_column][\/vc_row]<\/p>\n<\/div>","protected":false},"excerpt":{"rendered":"<p>[vc_row full_width=&#8221;stretch_row_content_no_spaces&#8221;][vc_column][layerslider_vc id=&#8221;42&#8243;][\/vc_column][\/vc_row][vc_row row_type=&#8221;section&#8221; type=&#8221;full_width&#8221; css=&#8221;.vc_custom_1723627080475{background-color: #ffffff !important;}&#8221; el_class=&#8221;ombre&#8221;][vc_column][vc_raw_js]JTNDdGhyLXNlYXJjaC1lbmdpbmUlMjB0eXBlJTNEJTIyMiUyMiUzRSUzQyUyRnRoci1zZWFyY2gtZW5naW5lJTNFJTBBJTBBJTNDc2NyaXB0JTNFJTBBJTIwJTIwJTIwJTIwJTI4ZnVuY3Rpb24lMjh0JTJDaCUyQ2UlMkNsJTJDaSUyQ3MlMkNSJTJDRSUyQ1MlMkNBJTI5JTdCJTBBJTIwJTIwJTIwJTIwJTIwJTIwJTIwJTIwdCU1QmklNUQlM0QlN0IlN0QlMkN0JTVCaSU1RCU1QnMlNUQlM0R0JTVCaSU1RCU1QnMlNUQlN0MlN0NmdW5jdGlvbiUyOCUyOSU3QiUwQSUyMCUyMCUyMCUyMCUyMCUyMCUyMCUyMCUyMCUyMCUyMCUyMGlmJTI4MSUzRCUzRCUzRGFyZ3VtZW50cy5sZW5ndGglMjklN0JyZXR1cm4lMjB0JTVCaSU1RC5hJTVCYXJndW1lbnRzJTVCMCU1RCU1RCU3QyU3Q251bGwlN0QlMEElMjAlMjAlMjAlMjAlMjAlMjAlMjAlMjAlMjAlMjAlMjAlMjBlbHNlJTdCdCU1QmklNUQuYSUzRHQlNUJpJTVELmElN0MlN0MlNUIlNUQlM0IlMjB0JTVCaSU1RC5hJTVCYXJndW1lbnRzJTVCMCU1RCU1RCUyMCUzRCUyMGFyZ3VtZW50cyU1QjElNUQlM0IlN0QlMEElMjAlMjAlMjAlMjAlMjAlMjAlMjAlMjAlN0QlMkMlMEElMjAlMjAlMjAlMjAlMjAlMjAlMjAlMjAlMjAlMjAlMjAlMjBSJTNEaC5jcmVhdGVFbGVtZW50JTI4ZSUyOSUyQ0UlM0RoLmdldEVsZW1lbnRzQnlUYWdOYW1lJTI4ZSUyOSU1QjAlNUQlM0IlMEElMjAlMjAlMjAlMjAlMjAlMjAlMjAlMjBSLmFzeW5jJTNEMSUzQlIuc3JjJTNEbCUzQkUucGFyZW50Tm9kZS5pbnNlcnRCZWZvcmUlMjhSJTJDRSUyOSUwQSUyMCUyMCUyMCUyMCU3RCUyOSUyOHdpbmRvdyUyQ2RvY3VtZW50JTJDJTIyc2NyaXB0JTIyJTJDJTIyaHR0cHMlM0ElMkYlMkZ0aGVsaXNyZXNhLndlYmNhbXAuZnIlMkZpbGliJTJGdjQlMkYlM0ZjYXRlZ29yaWVzJTI2ZmF2b3JpdGVzJTI2b25lbmlnaHQlMjZzZWFyY2hlbmdpbmUlMjZzaW1wbGVibG9jayUyMiUyQyUyMnRoZWxpc3Jlc2ElMjIlMkMlMjJpbGliJTIyJTI5JTNCJTBBJTIwJTIwJTIwJTIwdGhlbGlzcmVzYS5pbGliJTI4JTI3Y2FtcGluZyUyNyUyQyUyMCUyN21hdXJlaWxsYXMlMjclMjklM0IlMEElMjAlMjAlMjAlMjB0aGVsaXNyZXNhLmlsaWIlMjglMjdsYW5ndWFnZSUyNyUyQyUyMCUyN2VuJTI3JTI5JTNCJTBBJTNDJTJGc2NyaXB0JTNF[\/vc_raw_js][vc_row_inner][vc_column_inner width=&#8221;1\/2&#8243;][vc_column_text] Accommodation 7km from Splendours of China in C\u00e9ret: A Dazzling Lantern Festival The Lantern Festival, on the theme of &#8220;The Splendours of China&#8221;, promises an unforgettable experience for all the family, just 7km from your accommodation at Camping Maureillas** in the heart of Catalan nature, [&hellip;]<\/p>\n","protected":false},"author":2,"featured_media":0,"parent":0,"menu_order":0,"comment_status":"closed","ping_status":"closed","template":"","meta":{"site-sidebar-layout":"default","site-content-layout":"default","ast-site-content-layout":"default","site-content-style":"default","site-sidebar-style":"default","ast-global-header-display":"","ast-banner-title-visibility":"","ast-main-header-display":"","ast-hfb-above-header-display":"","ast-hfb-below-header-display":"","ast-hfb-mobile-header-display":"","site-post-title":"disabled","ast-breadcrumbs-content":"","ast-featured-img":"","footer-sml-layout":"","theme-transparent-header-meta":"default","adv-header-id-meta":"","stick-header-meta":"default","header-above-stick-meta":"","header-main-stick-meta":"","header-below-stick-meta":"","astra-migrate-meta-layouts":"default","ast-page-background-enabled":"default","ast-page-background-meta":{"desktop":{"background-color":"var(--ast-global-color-4)","background-image":"","background-repeat":"repeat","background-position":"center center","background-size":"auto","background-attachment":"scroll","background-type":"","background-media":"","overlay-type":"","overlay-color":"","overlay-opacity":"","overlay-gradient":""},"tablet":{"background-color":"","background-image":"","background-repeat":"repeat","background-position":"center center","background-size":"auto","background-attachment":"scroll","background-type":"","background-media":"","overlay-type":"","overlay-color":"","overlay-opacity":"","overlay-gradient":""},"mobile":{"background-color":"","background-image":"","background-repeat":"repeat","background-position":"center center","background-size":"auto","background-attachment":"scroll","background-type":"","background-media":"","overlay-type":"","overlay-color":"","overlay-opacity":"","overlay-gradient":""}},"ast-content-background-meta":{"desktop":{"background-color":"var(--ast-global-color-5)","background-image":"","background-repeat":"repeat","background-position":"center center","background-size":"auto","background-attachment":"scroll","background-type":"","background-media":"","overlay-type":"","overlay-color":"","overlay-opacity":"","overlay-gradient":""},"tablet":{"background-color":"var(--ast-global-color-5)","background-image":"","background-repeat":"repeat","background-position":"center center","background-size":"auto","background-attachment":"scroll","background-type":"","background-media":"","overlay-type":"","overlay-color":"","overlay-opacity":"","overlay-gradient":""},"mobile":{"background-color":"var(--ast-global-color-5)","background-image":"","background-repeat":"repeat","background-position":"center center","background-size":"auto","background-attachment":"scroll","background-type":"","background-media":"","overlay-type":"","overlay-color":"","overlay-opacity":"","overlay-gradient":""}},"footnotes":""},"class_list":["post-2232","page","type-page","status-publish","hentry"],"yoast_head":"<!-- This site is optimized with the Yoast SEO plugin v27.6 - https:\/\/yoast.com\/product\/yoast-seo-wordpress\/ -->\n<title>Accommodation C\u00e9ret - Camping Maureillas**<\/title>\n<meta name=\"description\" content=\"Your accommodation in C\u00e9ret, 7km from the Lantern Festival Splendeurs de Chine - Mobile homes 2 and 3 bedrooms Pitches\" \/>\n<meta name=\"robots\" content=\"index, follow, max-snippet:-1, max-image-preview:large, max-video-preview:-1\" \/>\n<link rel=\"canonical\" href=\"https:\/\/www.camping-maureillas.com\/en\/accommodation-splendours-of-china-ceret\/\" \/>\n<meta property=\"og:locale\" content=\"en_US\" \/>\n<meta property=\"og:type\" content=\"article\" \/>\n<meta property=\"og:title\" content=\"Accommodation C\u00e9ret - Camping Maureillas**\" \/>\n<meta property=\"og:description\" content=\"Your accommodation in C\u00e9ret, 7km from the Lantern Festival Splendeurs de Chine - Mobile homes 2 and 3 bedrooms Pitches\" \/>\n<meta property=\"og:url\" content=\"https:\/\/www.camping-maureillas.com\/en\/accommodation-splendours-of-china-ceret\/\" \/>\n<meta property=\"og:site_name\" content=\"Camping Maureillas\" \/>\n<meta property=\"article:modified_time\" content=\"2024-08-15T09:06:50+00:00\" \/>\n<meta name=\"twitter:card\" content=\"summary_large_image\" \/>\n<meta name=\"twitter:label1\" content=\"Est. reading time\" \/>\n\t<meta name=\"twitter:data1\" content=\"5 minutes\" \/>\n<script type=\"application\/ld+json\" class=\"yoast-schema-graph\">{\"@context\":\"https:\\\/\\\/schema.org\",\"@graph\":[{\"@type\":\"WebPage\",\"@id\":\"https:\\\/\\\/www.camping-maureillas.com\\\/en\\\/accommodation-splendours-of-china-ceret\\\/\",\"url\":\"https:\\\/\\\/www.camping-maureillas.com\\\/en\\\/accommodation-splendours-of-china-ceret\\\/\",\"name\":\"Accommodation C\u00e9ret - Camping Maureillas**\",\"isPartOf\":{\"@id\":\"https:\\\/\\\/www.camping-maureillas.com\\\/en\\\/#website\"},\"datePublished\":\"2024-08-13T14:22:44+00:00\",\"dateModified\":\"2024-08-15T09:06:50+00:00\",\"description\":\"Your accommodation in C\u00e9ret, 7km from the Lantern Festival Splendeurs de Chine - Mobile homes 2 and 3 bedrooms Pitches\",\"breadcrumb\":{\"@id\":\"https:\\\/\\\/www.camping-maureillas.com\\\/en\\\/accommodation-splendours-of-china-ceret\\\/#breadcrumb\"},\"inLanguage\":\"en-US\",\"potentialAction\":[{\"@type\":\"ReadAction\",\"target\":[\"https:\\\/\\\/www.camping-maureillas.com\\\/en\\\/accommodation-splendours-of-china-ceret\\\/\"]}]},{\"@type\":\"BreadcrumbList\",\"@id\":\"https:\\\/\\\/www.camping-maureillas.com\\\/en\\\/accommodation-splendours-of-china-ceret\\\/#breadcrumb\",\"itemListElement\":[{\"@type\":\"ListItem\",\"position\":1,\"name\":\"Accueil\",\"item\":\"https:\\\/\\\/www.camping-maureillas.com\\\/en\\\/\"},{\"@type\":\"ListItem\",\"position\":2,\"name\":\"Accommodation Splendours of China &#8211; C\u00e9ret\"}]},{\"@type\":\"WebSite\",\"@id\":\"https:\\\/\\\/www.camping-maureillas.com\\\/en\\\/#website\",\"url\":\"https:\\\/\\\/www.camping-maureillas.com\\\/en\\\/\",\"name\":\"Camping Maureillas\",\"description\":\"Location Chalets, Mobilhomes, Caravanes &amp; Camping-cars\",\"potentialAction\":[{\"@type\":\"SearchAction\",\"target\":{\"@type\":\"EntryPoint\",\"urlTemplate\":\"https:\\\/\\\/www.camping-maureillas.com\\\/en\\\/?s={search_term_string}\"},\"query-input\":{\"@type\":\"PropertyValueSpecification\",\"valueRequired\":true,\"valueName\":\"search_term_string\"}}],\"inLanguage\":\"en-US\"}]}<\/script>\n<!-- \/ Yoast SEO plugin. -->","yoast_head_json":{"title":"Accommodation C\u00e9ret - Camping Maureillas**","description":"Your accommodation in C\u00e9ret, 7km from the Lantern Festival Splendeurs de Chine - Mobile homes 2 and 3 bedrooms Pitches","robots":{"index":"index","follow":"follow","max-snippet":"max-snippet:-1","max-image-preview":"max-image-preview:large","max-video-preview":"max-video-preview:-1"},"canonical":"https:\/\/www.camping-maureillas.com\/en\/accommodation-splendours-of-china-ceret\/","og_locale":"en_US","og_type":"article","og_title":"Accommodation C\u00e9ret - Camping Maureillas**","og_description":"Your accommodation in C\u00e9ret, 7km from the Lantern Festival Splendeurs de Chine - Mobile homes 2 and 3 bedrooms Pitches","og_url":"https:\/\/www.camping-maureillas.com\/en\/accommodation-splendours-of-china-ceret\/","og_site_name":"Camping Maureillas","article_modified_time":"2024-08-15T09:06:50+00:00","twitter_card":"summary_large_image","twitter_misc":{"Est. reading time":"5 minutes"},"schema":{"@context":"https:\/\/schema.org","@graph":[{"@type":"WebPage","@id":"https:\/\/www.camping-maureillas.com\/en\/accommodation-splendours-of-china-ceret\/","url":"https:\/\/www.camping-maureillas.com\/en\/accommodation-splendours-of-china-ceret\/","name":"Accommodation C\u00e9ret - Camping Maureillas**","isPartOf":{"@id":"https:\/\/www.camping-maureillas.com\/en\/#website"},"datePublished":"2024-08-13T14:22:44+00:00","dateModified":"2024-08-15T09:06:50+00:00","description":"Your accommodation in C\u00e9ret, 7km from the Lantern Festival Splendeurs de Chine - Mobile homes 2 and 3 bedrooms Pitches","breadcrumb":{"@id":"https:\/\/www.camping-maureillas.com\/en\/accommodation-splendours-of-china-ceret\/#breadcrumb"},"inLanguage":"en-US","potentialAction":[{"@type":"ReadAction","target":["https:\/\/www.camping-maureillas.com\/en\/accommodation-splendours-of-china-ceret\/"]}]},{"@type":"BreadcrumbList","@id":"https:\/\/www.camping-maureillas.com\/en\/accommodation-splendours-of-china-ceret\/#breadcrumb","itemListElement":[{"@type":"ListItem","position":1,"name":"Accueil","item":"https:\/\/www.camping-maureillas.com\/en\/"},{"@type":"ListItem","position":2,"name":"Accommodation Splendours of China &#8211; C\u00e9ret"}]},{"@type":"WebSite","@id":"https:\/\/www.camping-maureillas.com\/en\/#website","url":"https:\/\/www.camping-maureillas.com\/en\/","name":"Camping Maureillas","description":"Location Chalets, Mobilhomes, Caravanes &amp; Camping-cars","potentialAction":[{"@type":"SearchAction","target":{"@type":"EntryPoint","urlTemplate":"https:\/\/www.camping-maureillas.com\/en\/?s={search_term_string}"},"query-input":{"@type":"PropertyValueSpecification","valueRequired":true,"valueName":"search_term_string"}}],"inLanguage":"en-US"}]}},"_links":{"self":[{"href":"https:\/\/www.camping-maureillas.com\/en\/wp-json\/wp\/v2\/pages\/2232","targetHints":{"allow":["GET"]}}],"collection":[{"href":"https:\/\/www.camping-maureillas.com\/en\/wp-json\/wp\/v2\/pages"}],"about":[{"href":"https:\/\/www.camping-maureillas.com\/en\/wp-json\/wp\/v2\/types\/page"}],"author":[{"embeddable":true,"href":"https:\/\/www.camping-maureillas.com\/en\/wp-json\/wp\/v2\/users\/2"}],"replies":[{"embeddable":true,"href":"https:\/\/www.camping-maureillas.com\/en\/wp-json\/wp\/v2\/comments?post=2232"}],"version-history":[{"count":3,"href":"https:\/\/www.camping-maureillas.com\/en\/wp-json\/wp\/v2\/pages\/2232\/revisions"}],"predecessor-version":[{"id":2264,"href":"https:\/\/www.camping-maureillas.com\/en\/wp-json\/wp\/v2\/pages\/2232\/revisions\/2264"}],"wp:attachment":[{"href":"https:\/\/www.camping-maureillas.com\/en\/wp-json\/wp\/v2\/media?parent=2232"}],"curies":[{"name":"wp","href":"https:\/\/api.w.org\/{rel}","templated":true}]}}