{"id":1391,"date":"2021-04-29T12:10:39","date_gmt":"2021-04-29T12:10:39","guid":{"rendered":"https:\/\/www.camping-maureillas.com\/?page_id=1391"},"modified":"2026-01-08T14:43:03","modified_gmt":"2026-01-08T14:43:03","slug":"parcelas","status":"publish","type":"page","link":"https:\/\/www.camping-maureillas.com\/es\/parcelas\/","title":{"rendered":"Parcelas"},"content":{"rendered":"<div class=\"wpb-content-wrapper\"><p>[vc_row full_width=\u00bbstretch_row_content_no_spaces\u00bb][vc_column][layerslider_vc id=\u00bb40&#8243;][\/vc_column][\/vc_row][vc_row][vc_column][vc_raw_js]JTNDc2NyaXB0JTNFJTBBJTIwJTIwJTIwJTIwJTI4ZnVuY3Rpb24lMjh0JTJDaCUyQ2UlMkNsJTJDaSUyQ3MlMkNSJTJDRSUyQ1MlMkNBJTI5JTdCJTBBJTIwJTIwJTIwJTIwJTIwJTIwJTIwJTIwdCU1QmklNUQlM0QlN0IlN0QlMkN0JTVCaSU1RCU1QnMlNUQlM0R0JTVCaSU1RCU1QnMlNUQlN0MlN0NmdW5jdGlvbiUyOCUyOSU3QiUwQSUyMCUyMCUyMCUyMCUyMCUyMCUyMCUyMCUyMCUyMCUyMCUyMGlmJTI4MSUzRCUzRCUzRGFyZ3VtZW50cy5sZW5ndGglMjklN0JyZXR1cm4lMjB0JTVCaSU1RC5hJTVCYXJndW1lbnRzJTVCMCU1RCU1RCU3QyU3Q251bGwlN0QlMEElMjAlMjAlMjAlMjAlMjAlMjAlMjAlMjAlMjAlMjAlMjAlMjBlbHNlJTdCdCU1QmklNUQuYSUzRHQlNUJpJTVELmElN0MlN0MlNUIlNUQlM0IlMjB0JTVCaSU1RC5hJTVCYXJndW1lbnRzJTVCMCU1RCU1RCUyMCUzRCUyMGFyZ3VtZW50cyU1QjElNUQlM0IlN0QlMEElMjAlMjAlMjAlMjAlMjAlMjAlMjAlMjAlN0QlMkMlMEElMjAlMjAlMjAlMjAlMjAlMjAlMjAlMjAlMjAlMjAlMjAlMjBSJTNEaC5jcmVhdGVFbGVtZW50JTI4ZSUyOSUyQ0UlM0RoLmdldEVsZW1lbnRzQnlUYWdOYW1lJTI4ZSUyOSU1QjAlNUQlM0IlMEElMjAlMjAlMjAlMjAlMjAlMjAlMjAlMjBSLmFzeW5jJTNEMSUzQlIuc3JjJTNEbCUzQkUucGFyZW50Tm9kZS5pbnNlcnRCZWZvcmUlMjhSJTJDRSUyOSUwQSUyMCUyMCUyMCUyMCU3RCUyOSUyOHdpbmRvdyUyQ2RvY3VtZW50JTJDJTIyc2NyaXB0JTIyJTJDJTIyaHR0cHMlM0ElMkYlMkZ0aGVsaXNyZXNhLndlYmNhbXAuZnIlMkZpbGliJTJGdjQlMkYlM0ZjYXRlZ29yaWVzJTI2ZmF2b3JpdGVzJTI2b25lbmlnaHQlMjZzZWFyY2hlbmdpbmUlMjZzaW1wbGVibG9jayUyMiUyQyUyMnRoZWxpc3Jlc2ElMjIlMkMlMjJpbGliJTIyJTI5JTNCJTBBJTIwJTIwJTIwJTIwdGhlbGlzcmVzYS5pbGliJTI4JTI3Y2FtcGluZyUyNyUyQyUyMCUyN21hdXJlaWxsYXMlMjclMjklM0IlMEElMjAlMjAlMjAlMjB0aGVsaXNyZXNhLmlsaWIlMjglMjdsYW5ndWFnZSUyNyUyQyUyMCUyN2VzJTI3JTI5JTNCJTBBJTNDJTJGc2NyaXB0JTNF[\/vc_raw_js][vc_raw_html]PHRoci1zZWFyY2gtZW5naW5lIHR5cGU9IjIiPjwvdGhyLXNlYXJjaC1lbmdpbmU+[\/vc_raw_html][vc_column_text]<\/p>\n<h1 style=\"color: #16a200;\">Parcelas del camping<\/h1>\n<p style=\"color: #16a200;\"><span style=\"color: #000000;\">Camping Maureillas ** le da la bienvenida a Languedoc-Rosell\u00f3n, en los Pirineos Orientales, en la frontera con Espa\u00f1a (a 9 km del camping), para sus vacaciones en <strong>tienda<\/strong>, <strong>caravana<\/strong> o <strong>autocaravana<\/strong>. A la sombra del pinar mediterr\u00e1neo, disfrute del encanto de la vida al aire libre. Nuestras <strong>parcelas<\/strong> en Maureillas son <strong>sombreadas<\/strong> y disponen de una conexi\u00f3n el\u00e9ctrica de <strong>10 amperios<\/strong> y un punto de <strong>agua cercano<\/strong>.<\/span><br \/>\n<span style=\"color: #000000;\">Las instalaciones <strong>sanitarias<\/strong> con <strong>duchas<\/strong> y <strong>WC<\/strong>, funcionales y renovadas, le garantizan una estancia agradable en nuestro camping. Servicio de <strong>lavander\u00eda<\/strong> 7\/7. <strong>Se admiten animales de compa\u00f1\u00eda<\/strong> (bajo ciertas condiciones).<\/span><br \/>\n<span style=\"color: #000000;\"><strong>Llegadas a partir de las 15 h<\/strong> todos los d\u00edas de la semana y los fines de semana (se recomienda encarecidamente reservar).<\/span><br \/>\n<span style=\"color: #000000;\">Reserve con toda tranquilidad gracias a nuestro<strong> seguro de anulaci\u00f3n de parcela<\/strong>. <a href=\"https:\/\/www.camping-maureillas.com\/wp-content\/uploads\/2021\/04\/CampezCouvertFlyer.pdf\"><em>M\u00e1s informaci\u00f3n sobre nuestro seguro de anulaci\u00f3n.<\/em><\/a><\/span><\/p>\n<p>[\/vc_column_text][\/vc_column][\/vc_row][vc_column][\/vc_column][vc_row_inner][vc_column_inner width=\u00bb1\/2&#8243;][vc_single_image image=\u00bb1567&#8243; img_size=\u00bblarge\u00bb][\/vc_column_inner][vc_column_inner width=\u00bb1\/2&#8243;][vc_column_text]<\/p>\n<h2 style=\"text-align: center;\"><span style=\"color: #003300;\">Parcelas en Maureillas con o sin electricidad<\/span><\/h2>\n<p style=\"text-align: center;\"><span style=\"color: #000000;\">Consulta la disponibilidad y las tarifas para tus fechas:<\/span><\/p>\n<p>[\/vc_column_text][vc_raw_js]JTNDc2NyaXB0JTNFJTBBJTIwJTIwJTIwJTIwJTI4ZnVuY3Rpb24lMjh0JTJDaCUyQ2UlMkNsJTJDaSUyQ3MlMkNSJTJDRSUyQ1MlMkNBJTI5JTdCJTBBJTIwJTIwJTIwJTIwJTIwJTIwJTIwJTIwdCU1QmklNUQlM0QlN0IlN0QlMkN0JTVCaSU1RCU1QnMlNUQlM0R0JTVCaSU1RCU1QnMlNUQlN0MlN0NmdW5jdGlvbiUyOCUyOSU3QiUwQSUyMCUyMCUyMCUyMCUyMCUyMCUyMCUyMCUyMCUyMCUyMCUyMGlmJTI4MSUzRCUzRCUzRGFyZ3VtZW50cy5sZW5ndGglMjklN0JyZXR1cm4lMjB0JTVCaSU1RC5hJTVCYXJndW1lbnRzJTVCMCU1RCU1RCU3QyU3Q251bGwlN0QlMEElMjAlMjAlMjAlMjAlMjAlMjAlMjAlMjAlMjAlMjAlMjAlMjBlbHNlJTdCdCU1QmklNUQuYSUzRHQlNUJpJTVELmElN0MlN0MlNUIlNUQlM0IlMjB0JTVCaSU1RC5hJTVCYXJndW1lbnRzJTVCMCU1RCU1RCUyMCUzRCUyMGFyZ3VtZW50cyU1QjElNUQlM0IlN0QlMEElMjAlMjAlMjAlMjAlMjAlMjAlMjAlMjAlN0QlMkMlMEElMjAlMjAlMjAlMjAlMjAlMjAlMjAlMjAlMjAlMjAlMjAlMjBSJTNEaC5jcmVhdGVFbGVtZW50JTI4ZSUyOSUyQ0UlM0RoLmdldEVsZW1lbnRzQnlUYWdOYW1lJTI4ZSUyOSU1QjAlNUQlM0IlMEElMjAlMjAlMjAlMjAlMjAlMjAlMjAlMjBSLmFzeW5jJTNEMSUzQlIuc3JjJTNEbCUzQkUucGFyZW50Tm9kZS5pbnNlcnRCZWZvcmUlMjhSJTJDRSUyOSUwQSUyMCUyMCUyMCUyMCU3RCUyOSUyOHdpbmRvdyUyQ2RvY3VtZW50JTJDJTIyc2NyaXB0JTIyJTJDJTIyaHR0cHMlM0ElMkYlMkZ0aGVsaXNyZXNhLndlYmNhbXAuZnIlMkZpbGliJTJGdjQlMkYlM0ZjYXRlZ29yaWVzJTI2ZmF2b3JpdGVzJTI2b25lbmlnaHQlMjZzZWFyY2hlbmdpbmUlMjZzaW1wbGVibG9jayUyMiUyQyUyMnRoZWxpc3Jlc2ElMjIlMkMlMjJpbGliJTIyJTI5JTNCJTBBJTIwJTIwJTIwJTIwdGhlbGlzcmVzYS5pbGliJTI4JTI3Y2FtcGluZyUyNyUyQyUyMCUyN21hdXJlaWxsYXMlMjclMjklM0IlMEElMjAlMjAlMjAlMjB0aGVsaXNyZXNhLmlsaWIlMjglMjdsYW5ndWFnZSUyNyUyQyUyMCUyN2VzJTI3JTI5JTNCJTBBJTNDJTJGc2NyaXB0JTNF[\/vc_raw_js][vc_raw_html]PHRoci1zaW1wbGVibG9jayBjYXRlZ29yaWVzPSJbbWF1cmVpbGxhcywxXSI+PC90aHItc2ltcGxlYmxvY2s+[\/vc_raw_html][\/vc_column_inner][\/vc_row_inner][vc_row_inner][vc_column_inner][vc_column_text css=\u00bb\u00bb]<\/p>\n<h2 style=\"text-align: center;\"><span style=\"color: #003300;\">2026 Folleto Camping Maureillas<\/span><\/h2>\n<p>[\/vc_column_text][vc_raw_html css=\u00bb\u00bb]JTNDZGl2JTIwc3R5bGUlM0QlMjJ0ZXh0LWFsaWduJTNBY2VudGVyJTNCJTIyJTNFJTBBJTIwJTIwJTNDZGl2JTIwc3R5bGUlM0QlMjJtYXJnaW4lM0E4cHglMjAwcHglMjA0cHglM0IlMjIlM0UlMEElMjAlMjAlMjAlMjAlM0NhJTIwaHJlZiUzRCUyMmh0dHBzJTNBJTJGJTJGd3d3LmNhbGFtZW8uY29tJTJGYm9va3MlMkYwMDgxMjgzNDQ4MjAzM2MwZTU1ODMlMjIlMjB0YXJnZXQlM0QlMjJfYmxhbmslMjIlM0UlMEElMjAlMjAlMjAlMjAlMjAlMjAyMDI2JTIwQnJvY2h1cmUlMjBDYW1waW5nJTIwTWF1cmVpbGxhcyUwQSUyMCUyMCUyMCUyMCUzQyUyRmElM0UlMEElMjAlMjAlM0MlMkZkaXYlM0UlMEElMEElMjAlMjAlM0NpZnJhbWUlMjAlMEElMjAlMjAlMjAlMjBzcmMlM0QlMjJodHRwcyUzQSUyRiUyRnYuY2FsYW1lby5jb20lMkYlM0Zia2NvZGUlM0QwMDgxMjgzNDQ4MjAzM2MwZTU1ODMlMjZtb2RlJTNEbWluaSUyMiUwQSUyMCUyMCUyMCUyMHdpZHRoJTNEJTIyNDgwJTIyJTBBJTIwJTIwJTIwJTIwaGVpZ2h0JTNEJTIyMzAwJTIyJTBBJTIwJTIwJTIwJTIwZnJhbWVib3JkZXIlM0QlMjIwJTIyJTBBJTIwJTIwJTIwJTIwc2Nyb2xsaW5nJTNEJTIybm8lMjIlMEElMjAlMjAlMjAlMjBhbGxvd2Z1bGxzY3JlZW4lMEElMjAlMjAlMjAlMjBzdHlsZSUzRCUyMm1hcmdpbiUzQTAlMjBhdXRvJTNCJTIyJTNFJTBBJTIwJTIwJTNDJTJGaWZyYW1lJTNFJTBBJTNDJTJGZGl2JTNF[\/vc_raw_html][\/vc_column_inner][\/vc_row_inner][vc_row][vc_column][vc_separator color=\u00bbgreen\u00bb][vc_column_text]<\/p>\n<h2 style=\"text-align: center;\"><a href=\"https:\/\/www.camping-maureillas.com\/es\/contactenos\/\"><span style=\"color: #003300;\">Un equipo a su disposici\u00f3n<\/span><\/a><\/h2>\n<p style=\"text-align: center;\"><span style=\"color: #000000;\">Para m\u00e1s <strong>informaci\u00f3n <\/strong>o para hacer una <strong>reserva<\/strong>, p\u00f3ngase en contacto con nosotros<\/span><span style=\"color: #000000;\"> en<br \/>\nel<\/span> <a href=\"tel:+33448070636\"><strong>+33 4.48.07.06.36 <\/strong><\/a><span style=\"color: #000000;\">o por <strong>correo electr\u00f3nico<\/strong><\/span><strong><a href=\"mailto:info@camping-maureillas.com\"> info@camping-maureillas.com<\/a><\/strong><br \/>\n<span style=\"color: #000000;\">Mant\u00e9ngase al d\u00eda de las noticias del camping en<\/span> <span style=\"color: #0000ff;\"><a style=\"color: #0000ff;\" href=\"https:\/\/www.facebook.com\/maureillas.cmp\" target=\"_blank\" rel=\"noopener\">Facebook<\/a><\/span><strong><br \/>\n<\/strong><\/p>\n<p>[\/vc_column_text][\/vc_column][\/vc_row]<\/p>\n<\/div>","protected":false},"excerpt":{"rendered":"<p>[vc_row full_width=\u00bbstretch_row_content_no_spaces\u00bb][vc_column][layerslider_vc id=\u00bb40&#8243;][\/vc_column][\/vc_row][vc_row][vc_column][vc_raw_js]JTNDc2NyaXB0JTNFJTBBJTIwJTIwJTIwJTIwJTI4ZnVuY3Rpb24lMjh0JTJDaCUyQ2UlMkNsJTJDaSUyQ3MlMkNSJTJDRSUyQ1MlMkNBJTI5JTdCJTBBJTIwJTIwJTIwJTIwJTIwJTIwJTIwJTIwdCU1QmklNUQlM0QlN0IlN0QlMkN0JTVCaSU1RCU1QnMlNUQlM0R0JTVCaSU1RCU1QnMlNUQlN0MlN0NmdW5jdGlvbiUyOCUyOSU3QiUwQSUyMCUyMCUyMCUyMCUyMCUyMCUyMCUyMCUyMCUyMCUyMCUyMGlmJTI4MSUzRCUzRCUzRGFyZ3VtZW50cy5sZW5ndGglMjklN0JyZXR1cm4lMjB0JTVCaSU1RC5hJTVCYXJndW1lbnRzJTVCMCU1RCU1RCU3QyU3Q251bGwlN0QlMEElMjAlMjAlMjAlMjAlMjAlMjAlMjAlMjAlMjAlMjAlMjAlMjBlbHNlJTdCdCU1QmklNUQuYSUzRHQlNUJpJTVELmElN0MlN0MlNUIlNUQlM0IlMjB0JTVCaSU1RC5hJTVCYXJndW1lbnRzJTVCMCU1RCU1RCUyMCUzRCUyMGFyZ3VtZW50cyU1QjElNUQlM0IlN0QlMEElMjAlMjAlMjAlMjAlMjAlMjAlMjAlMjAlN0QlMkMlMEElMjAlMjAlMjAlMjAlMjAlMjAlMjAlMjAlMjAlMjAlMjAlMjBSJTNEaC5jcmVhdGVFbGVtZW50JTI4ZSUyOSUyQ0UlM0RoLmdldEVsZW1lbnRzQnlUYWdOYW1lJTI4ZSUyOSU1QjAlNUQlM0IlMEElMjAlMjAlMjAlMjAlMjAlMjAlMjAlMjBSLmFzeW5jJTNEMSUzQlIuc3JjJTNEbCUzQkUucGFyZW50Tm9kZS5pbnNlcnRCZWZvcmUlMjhSJTJDRSUyOSUwQSUyMCUyMCUyMCUyMCU3RCUyOSUyOHdpbmRvdyUyQ2RvY3VtZW50JTJDJTIyc2NyaXB0JTIyJTJDJTIyaHR0cHMlM0ElMkYlMkZ0aGVsaXNyZXNhLndlYmNhbXAuZnIlMkZpbGliJTJGdjQlMkYlM0ZjYXRlZ29yaWVzJTI2ZmF2b3JpdGVzJTI2b25lbmlnaHQlMjZzZWFyY2hlbmdpbmUlMjZzaW1wbGVibG9jayUyMiUyQyUyMnRoZWxpc3Jlc2ElMjIlMkMlMjJpbGliJTIyJTI5JTNCJTBBJTIwJTIwJTIwJTIwdGhlbGlzcmVzYS5pbGliJTI4JTI3Y2FtcGluZyUyNyUyQyUyMCUyN21hdXJlaWxsYXMlMjclMjklM0IlMEElMjAlMjAlMjAlMjB0aGVsaXNyZXNhLmlsaWIlMjglMjdsYW5ndWFnZSUyNyUyQyUyMCUyN2VzJTI3JTI5JTNCJTBBJTNDJTJGc2NyaXB0JTNF[\/vc_raw_js][vc_raw_html]PHRoci1zZWFyY2gtZW5naW5lIHR5cGU9IjIiPjwvdGhyLXNlYXJjaC1lbmdpbmU+[\/vc_raw_html][vc_column_text] Parcelas del camping Camping Maureillas ** le da la bienvenida a Languedoc-Rosell\u00f3n, en los Pirineos Orientales, en la frontera con Espa\u00f1a (a 9 km del camping), para sus vacaciones en tienda, caravana o autocaravana. A la sombra del pinar mediterr\u00e1neo, disfrute del encanto de la vida al aire libre. Nuestras parcelas en [&hellip;]<\/p>\n","protected":false},"author":1,"featured_media":0,"parent":0,"menu_order":0,"comment_status":"closed","ping_status":"closed","template":"","meta":{"site-sidebar-layout":"no-sidebar","site-content-layout":"plain-container","ast-site-content-layout":"normal-width-container","site-content-style":"unboxed","site-sidebar-style":"unboxed","ast-global-header-display":"","ast-banner-title-visibility":"","ast-main-header-display":"","ast-hfb-above-header-display":"","ast-hfb-below-header-display":"","ast-hfb-mobile-header-display":"","site-post-title":"disabled","ast-breadcrumbs-content":"","ast-featured-img":"disabled","footer-sml-layout":"","theme-transparent-header-meta":"default","adv-header-id-meta":"","stick-header-meta":"default","header-above-stick-meta":"","header-main-stick-meta":"","header-below-stick-meta":"","astra-migrate-meta-layouts":"set","ast-page-background-enabled":"default","ast-page-background-meta":{"desktop":{"background-color":"var(--ast-global-color-4)","background-image":"","background-repeat":"repeat","background-position":"center center","background-size":"auto","background-attachment":"scroll","background-type":"","background-media":"","overlay-type":"","overlay-color":"","overlay-opacity":"","overlay-gradient":""},"tablet":{"background-color":"","background-image":"","background-repeat":"repeat","background-position":"center center","background-size":"auto","background-attachment":"scroll","background-type":"","background-media":"","overlay-type":"","overlay-color":"","overlay-opacity":"","overlay-gradient":""},"mobile":{"background-color":"","background-image":"","background-repeat":"repeat","background-position":"center center","background-size":"auto","background-attachment":"scroll","background-type":"","background-media":"","overlay-type":"","overlay-color":"","overlay-opacity":"","overlay-gradient":""}},"ast-content-background-meta":{"desktop":{"background-color":"var(--ast-global-color-5)","background-image":"","background-repeat":"repeat","background-position":"center center","background-size":"auto","background-attachment":"scroll","background-type":"","background-media":"","overlay-type":"","overlay-color":"","overlay-opacity":"","overlay-gradient":""},"tablet":{"background-color":"var(--ast-global-color-5)","background-image":"","background-repeat":"repeat","background-position":"center center","background-size":"auto","background-attachment":"scroll","background-type":"","background-media":"","overlay-type":"","overlay-color":"","overlay-opacity":"","overlay-gradient":""},"mobile":{"background-color":"var(--ast-global-color-5)","background-image":"","background-repeat":"repeat","background-position":"center center","background-size":"auto","background-attachment":"scroll","background-type":"","background-media":"","overlay-type":"","overlay-color":"","overlay-opacity":"","overlay-gradient":""}},"footnotes":""},"class_list":["post-1391","page","type-page","status-publish","hentry"],"yoast_head":"<!-- This site is optimized with the Yoast SEO plugin v27.5 - https:\/\/yoast.com\/product\/yoast-seo-wordpress\/ -->\n<title>Parcelas en Maureillas - Camping Maureillas **<\/title>\n<meta name=\"description\" content=\"Descubra nuestras parcelas de camping en Maureillas - Parcelas con o sin electricidad - Instalaciones sanitarias\" \/>\n<meta name=\"robots\" content=\"index, follow, max-snippet:-1, max-image-preview:large, max-video-preview:-1\" \/>\n<link rel=\"canonical\" href=\"https:\/\/www.camping-maureillas.com\/es\/parcelas\/\" \/>\n<meta property=\"og:locale\" content=\"es_ES\" \/>\n<meta property=\"og:type\" content=\"article\" \/>\n<meta property=\"og:title\" content=\"Parcelas en Maureillas - Camping Maureillas **\" \/>\n<meta property=\"og:description\" content=\"Descubra nuestras parcelas de camping en Maureillas - Parcelas con o sin electricidad - Instalaciones sanitarias\" \/>\n<meta property=\"og:url\" content=\"https:\/\/www.camping-maureillas.com\/es\/parcelas\/\" \/>\n<meta property=\"og:site_name\" content=\"Camping Maureillas\" \/>\n<meta property=\"article:modified_time\" content=\"2026-01-08T14:43:03+00:00\" \/>\n<meta name=\"twitter:card\" content=\"summary_large_image\" \/>\n<meta name=\"twitter:label1\" content=\"Tiempo de lectura\" \/>\n\t<meta name=\"twitter:data1\" content=\"2 minutos\" \/>\n<script type=\"application\/ld+json\" class=\"yoast-schema-graph\">{\"@context\":\"https:\\\/\\\/schema.org\",\"@graph\":[{\"@type\":\"WebPage\",\"@id\":\"https:\\\/\\\/www.camping-maureillas.com\\\/es\\\/parcelas\\\/\",\"url\":\"https:\\\/\\\/www.camping-maureillas.com\\\/es\\\/parcelas\\\/\",\"name\":\"Parcelas en Maureillas - Camping Maureillas **\",\"isPartOf\":{\"@id\":\"https:\\\/\\\/www.camping-maureillas.com\\\/es\\\/#website\"},\"datePublished\":\"2021-04-29T12:10:39+00:00\",\"dateModified\":\"2026-01-08T14:43:03+00:00\",\"description\":\"Descubra nuestras parcelas de camping en Maureillas - Parcelas con o sin electricidad - Instalaciones sanitarias\",\"breadcrumb\":{\"@id\":\"https:\\\/\\\/www.camping-maureillas.com\\\/es\\\/parcelas\\\/#breadcrumb\"},\"inLanguage\":\"es\",\"potentialAction\":[{\"@type\":\"ReadAction\",\"target\":[\"https:\\\/\\\/www.camping-maureillas.com\\\/es\\\/parcelas\\\/\"]}]},{\"@type\":\"BreadcrumbList\",\"@id\":\"https:\\\/\\\/www.camping-maureillas.com\\\/es\\\/parcelas\\\/#breadcrumb\",\"itemListElement\":[{\"@type\":\"ListItem\",\"position\":1,\"name\":\"Accueil\",\"item\":\"https:\\\/\\\/www.camping-maureillas.com\\\/es\\\/\"},{\"@type\":\"ListItem\",\"position\":2,\"name\":\"Parcelas\"}]},{\"@type\":\"WebSite\",\"@id\":\"https:\\\/\\\/www.camping-maureillas.com\\\/es\\\/#website\",\"url\":\"https:\\\/\\\/www.camping-maureillas.com\\\/es\\\/\",\"name\":\"Camping Maureillas\",\"description\":\"Location Chalets, Mobilhomes, Caravanes &amp; Camping-cars\",\"potentialAction\":[{\"@type\":\"SearchAction\",\"target\":{\"@type\":\"EntryPoint\",\"urlTemplate\":\"https:\\\/\\\/www.camping-maureillas.com\\\/es\\\/?s={search_term_string}\"},\"query-input\":{\"@type\":\"PropertyValueSpecification\",\"valueRequired\":true,\"valueName\":\"search_term_string\"}}],\"inLanguage\":\"es\"}]}<\/script>\n<!-- \/ Yoast SEO plugin. -->","yoast_head_json":{"title":"Parcelas en Maureillas - Camping Maureillas **","description":"Descubra nuestras parcelas de camping en Maureillas - Parcelas con o sin electricidad - Instalaciones sanitarias","robots":{"index":"index","follow":"follow","max-snippet":"max-snippet:-1","max-image-preview":"max-image-preview:large","max-video-preview":"max-video-preview:-1"},"canonical":"https:\/\/www.camping-maureillas.com\/es\/parcelas\/","og_locale":"es_ES","og_type":"article","og_title":"Parcelas en Maureillas - Camping Maureillas **","og_description":"Descubra nuestras parcelas de camping en Maureillas - Parcelas con o sin electricidad - Instalaciones sanitarias","og_url":"https:\/\/www.camping-maureillas.com\/es\/parcelas\/","og_site_name":"Camping Maureillas","article_modified_time":"2026-01-08T14:43:03+00:00","twitter_card":"summary_large_image","twitter_misc":{"Tiempo de lectura":"2 minutos"},"schema":{"@context":"https:\/\/schema.org","@graph":[{"@type":"WebPage","@id":"https:\/\/www.camping-maureillas.com\/es\/parcelas\/","url":"https:\/\/www.camping-maureillas.com\/es\/parcelas\/","name":"Parcelas en Maureillas - Camping Maureillas **","isPartOf":{"@id":"https:\/\/www.camping-maureillas.com\/es\/#website"},"datePublished":"2021-04-29T12:10:39+00:00","dateModified":"2026-01-08T14:43:03+00:00","description":"Descubra nuestras parcelas de camping en Maureillas - Parcelas con o sin electricidad - Instalaciones sanitarias","breadcrumb":{"@id":"https:\/\/www.camping-maureillas.com\/es\/parcelas\/#breadcrumb"},"inLanguage":"es","potentialAction":[{"@type":"ReadAction","target":["https:\/\/www.camping-maureillas.com\/es\/parcelas\/"]}]},{"@type":"BreadcrumbList","@id":"https:\/\/www.camping-maureillas.com\/es\/parcelas\/#breadcrumb","itemListElement":[{"@type":"ListItem","position":1,"name":"Accueil","item":"https:\/\/www.camping-maureillas.com\/es\/"},{"@type":"ListItem","position":2,"name":"Parcelas"}]},{"@type":"WebSite","@id":"https:\/\/www.camping-maureillas.com\/es\/#website","url":"https:\/\/www.camping-maureillas.com\/es\/","name":"Camping Maureillas","description":"Location Chalets, Mobilhomes, Caravanes &amp; Camping-cars","potentialAction":[{"@type":"SearchAction","target":{"@type":"EntryPoint","urlTemplate":"https:\/\/www.camping-maureillas.com\/es\/?s={search_term_string}"},"query-input":{"@type":"PropertyValueSpecification","valueRequired":true,"valueName":"search_term_string"}}],"inLanguage":"es"}]}},"_links":{"self":[{"href":"https:\/\/www.camping-maureillas.com\/es\/wp-json\/wp\/v2\/pages\/1391","targetHints":{"allow":["GET"]}}],"collection":[{"href":"https:\/\/www.camping-maureillas.com\/es\/wp-json\/wp\/v2\/pages"}],"about":[{"href":"https:\/\/www.camping-maureillas.com\/es\/wp-json\/wp\/v2\/types\/page"}],"author":[{"embeddable":true,"href":"https:\/\/www.camping-maureillas.com\/es\/wp-json\/wp\/v2\/users\/1"}],"replies":[{"embeddable":true,"href":"https:\/\/www.camping-maureillas.com\/es\/wp-json\/wp\/v2\/comments?post=1391"}],"version-history":[{"count":14,"href":"https:\/\/www.camping-maureillas.com\/es\/wp-json\/wp\/v2\/pages\/1391\/revisions"}],"predecessor-version":[{"id":2335,"href":"https:\/\/www.camping-maureillas.com\/es\/wp-json\/wp\/v2\/pages\/1391\/revisions\/2335"}],"wp:attachment":[{"href":"https:\/\/www.camping-maureillas.com\/es\/wp-json\/wp\/v2\/media?parent=1391"}],"curies":[{"name":"wp","href":"https:\/\/api.w.org\/{rel}","templated":true}]}}